{"id":31,"date":"2013-03-20T17:49:17","date_gmt":"2013-03-20T16:49:17","guid":{"rendered":"http:\/\/www.societelumiere.com\/?page_id=31"},"modified":"2018-09-18T10:53:34","modified_gmt":"2018-09-18T09:53:34","slug":"services","status":"publish","type":"page","link":"http:\/\/www.societelumiere.com\/en\/services\/","title":{"rendered":"Services+"},"content":{"rendered":"<p><strong><span class=\"\" lang=\"en\"><span class=\"hps\">LIGHT BOXES<\/span> <span class=\"hps\">FOR<\/span> <span class=\"hps\">ARTISTS<\/span><br \/>\n<span class=\"hps\">Backlight<\/span>&nbsp; for <span class=\"hps\">art photographs<\/span><br \/>\n<span class=\"hps\">The <span class=\"\" lang=\"en\"><span class=\"hps\">advantages<\/span><\/span> of<\/span> <span class=\"hps\">SOCI\u00c9T\u00c9 LUMI\u00c8RE<\/span><\/span><\/strong><\/p>\n<p><span class=\"hps\"><span class=\"hps\">Our<\/span> <span class=\"hps\">competence relate<\/span> <span class=\"hps\">to<\/span> <span class=\"hps\">the<\/span> <span class=\"hps\">quality of light<\/span> <span class=\"hps\">that<\/span> <span class=\"hps\">is implemented<\/span> <span class=\"hps\">and its<\/span> <span class=\"hps\">arrangement<\/span>.<\/span><\/p>\n<p><span class=\"hps\">Our experience<\/span> <span class=\"hps\">as <\/span><span class=\"hps\">cinema and photo<\/span> <span class=\"hps\">lighting equipment<\/span> <span class=\"hps\">manufacturers<\/span> <span class=\"hps\">brought us<\/span> <span class=\"hps\">extensive knowledge of<\/span> <span class=\"hps\">light sources<\/span> <span class=\"hps\">(LED<\/span>, fluorescent <span class=\"hps\">tubes)<\/span> <span class=\"hps\">and the <\/span><span class=\"hps atn\">electronics that go with it (<\/span><span class=\"\">ballast,<\/span> <span class=\"hps\">drivers<\/span>, <span class=\"hps\">dimmers<\/span>, <span class=\"hps\">wiring).<\/span> <span class=\"hps\">We are in a<\/span> <span class=\"hps\">constant<\/span> <span class=\"hps\">technological monitoring<\/span> <span class=\"hps\">in order to offer<\/span> <span class=\"hps\">the most<\/span> <span class=\"hps\">appropriate equipment<\/span> <span class=\"hps\">for your projects.<\/span><\/p>\n<p><span class=\"hps\">The light in<\/span> <span class=\"hps\">a light box<\/span> <span class=\"hps\">is not necessarily<\/span> <span class=\"hps\">flat and<\/span> <span class=\"hps\">uniform<\/span>. <span class=\"hps\">As<\/span> <span class=\"hps\">in a print<\/span><span class=\"\">ing process<\/span> <span class=\"hps\">the<\/span> <span class=\"hps\">backlighting of photographs is organized&nbsp;<\/span> <span class=\"hps\">to support the<\/span> <span class=\"hps\">artistic intent<\/span> <span class=\"hps\">of the photographer.<\/span> <span class=\"hps\">A &#8220;cold&#8221;<\/span> <span class=\"hps\">or<\/span> <span class=\"hps\">&#8220;hot&#8221; light <\/span>, <span class=\"hps\">a dazzling<\/span> <span class=\"hps\">solar light<\/span> <span class=\"hps\">or another<\/span> <span class=\"hps\">that highlights the<\/span> <span class=\"hps\">black<\/span> can offer <span class=\"hps\">photographers<\/span> <span class=\"hps\">different<\/span> <span class=\"hps\">interpretations<\/span> <span class=\"hps\">of their images<\/span><span class=\"hps\">.<\/span><span class=\"\" lang=\"en\"><span class=\"hps\">We can<\/span> <span class=\"hps\">take over<\/span> <span class=\"hps\">the entire<\/span> <span class=\"hps\">manufacturing process<\/span> <span class=\"hps\">or simply<\/span> <span class=\"hps\">the electrical section<\/span> <span class=\"hps\">if you have<\/span> <span class=\"hps\">your own providers<\/span><span class=\"\">.<\/span><\/span><\/p>\n<p><span class=\"\" lang=\"en\"><strong><span class=\"hps\">Services<\/span><\/strong><br \/>\n<span class=\"hps\">We make<\/span> <span class=\"hps\">an estimate of the&nbsp;<\/span><span class=\"hps\">manufacture of<\/span> <span class=\"hps\">custom<\/span> <span class=\"hps\">light boxes<\/span> after consulting with photographers, a<span class=\"hps\">rtists,<\/span> g<span class=\"hps\">allery owners<\/span> <span class=\"hps\">and<\/span> <span class=\"hps\">institutions about the best way <\/span>to do it.<\/span><\/p>\n<p>Then <span class=\"hps\">we hire<\/span> <span class=\"hps\">collaborations with<\/span> <span class=\"hps\">photo labs<\/span>, <span class=\"hps\">framers<\/span>, carpenters <span class=\"hps\">etc<\/span> <span class=\"hps\">.<\/span><span class=\"\" lang=\"en\"><br \/>\n<span class=\"hps\">We can handle<\/span> <span class=\"hps\">the entire<\/span> <span class=\"hps\">production of<\/span> <span class=\"hps\">light boxes<\/span> <span class=\"hps\">or just<\/span> <span class=\"hps\">the electrical part<\/span><span class=\"\">.<\/span><br \/>\n<span class=\"hps\">We renovate<\/span> <span class=\"hps\">old<\/span> <span class=\"hps\">light boxes<\/span>.<br \/>\n<span class=\"hps\">We backlight<\/span> <span class=\"hps\">the boxes<\/span> <span class=\"hps\">provided by<\/span> <span class=\"hps\">the artist or<\/span> <span class=\"hps\">gallery owner<\/span>.<br \/>\n<span class=\"hps\">We advise<\/span> <span class=\"hps\">the artist<\/span> <span class=\"hps\">for<\/span> <span class=\"hps\">exhibitions<\/span> <span class=\"hps\">regarding<\/span><span class=\"hps\"> ambient lighting<\/span> <span class=\"hps\">..<\/span><\/span><\/p>\n","protected":false},"excerpt":{"rendered":"<p>LIGHT BOXES FOR ARTISTS Backlight&nbsp; for art photographs The advantages of SOCI\u00c9T\u00c9 LUMI\u00c8RE Our competence relate to the quality of light that is implemented and its arrangement. Our experience as cinema and photo lighting equipment manufacturers brought us extensive knowledge &hellip; <a href=\"http:\/\/www.societelumiere.com\/en\/services\/\">Continue reading <span class=\"meta-nav\">&rarr;<\/span><\/a><\/p>\n","protected":false},"author":1,"featured_media":81,"parent":0,"menu_order":0,"comment_status":"closed","ping_status":"open","template":"","meta":{"footnotes":""},"class_list":["post-31","page","type-page","status-publish","has-post-thumbnail","hentry"],"_links":{"self":[{"href":"http:\/\/www.societelumiere.com\/en\/wp-json\/wp\/v2\/pages\/31","targetHints":{"allow":["GET"]}}],"collection":[{"href":"http:\/\/www.societelumiere.com\/en\/wp-json\/wp\/v2\/pages"}],"about":[{"href":"http:\/\/www.societelumiere.com\/en\/wp-json\/wp\/v2\/types\/page"}],"author":[{"embeddable":true,"href":"http:\/\/www.societelumiere.com\/en\/wp-json\/wp\/v2\/users\/1"}],"replies":[{"embeddable":true,"href":"http:\/\/www.societelumiere.com\/en\/wp-json\/wp\/v2\/comments?post=31"}],"version-history":[{"count":8,"href":"http:\/\/www.societelumiere.com\/en\/wp-json\/wp\/v2\/pages\/31\/revisions"}],"predecessor-version":[{"id":968,"href":"http:\/\/www.societelumiere.com\/en\/wp-json\/wp\/v2\/pages\/31\/revisions\/968"}],"wp:featuredmedia":[{"embeddable":true,"href":"http:\/\/www.societelumiere.com\/en\/wp-json\/"}],"wp:attachment":[{"href":"http:\/\/www.societelumiere.com\/en\/wp-json\/wp\/v2\/media?parent=31"}],"curies":[{"name":"wp","href":"https:\/\/api.w.org\/{rel}","templated":true}]}}