{"id":195,"date":"2013-05-27T15:03:03","date_gmt":"2013-05-27T14:03:03","guid":{"rendered":"http:\/\/www.societelumiere.com\/?page_id=195"},"modified":"2015-09-01T17:26:34","modified_gmt":"2015-09-01T16:26:34","slug":"framing","status":"publish","type":"page","link":"http:\/\/www.societelumiere.com\/en\/framing\/","title":{"rendered":"Framing"},"content":{"rendered":"<h2><span id=\"result_box\" class=\"short_text\" lang=\"en\"><span class=\"hps\">Choice of<\/span> <span class=\"hps\">framing<\/span><\/span><a href=\"http:\/\/www.societelumiere.com\/wp-content\/uploads\/2013\/03\/Panneau.2.jpg\"><img loading=\"lazy\" decoding=\"async\" class=\"size-full wp-image-66\" src=\"http:\/\/www.societelumiere.com\/wp-content\/uploads\/2013\/03\/Panneau.2.jpg\" alt=\"FABRICATION Tailles  Poids, profondeurs Ventilation  Accroche  Rebord Encadrement Finitions Sur m\u00e9sure Mod\u00e9les St\u00e9. Lum\" width=\"900\" height=\"613\" \/><\/a><\/h2>\n<p><span id=\"result_box\" class=\"\" lang=\"en\"><span class=\"hps\">We create<\/span> <span class=\"hps\">custom<\/span> <span class=\"hps\">frames<\/span> <span class=\"hps\">or<\/span> <span class=\"hps\">have our own<\/span> <span class=\"hps\">models<\/span><\/span><\/p>\n<p><span class=\"hps\">Example<\/span> <span class=\"hps\">in the picture<\/span>:<br \/>\n<span class=\"hps\">140<\/span> <span class=\"hps\">x140<\/span> <span class=\"hps\">cm<\/span> <span class=\"hps\">metal<\/span> <span class=\"hps\">frame,<\/span> <span class=\"hps\">7cm<\/span> <span class=\"hps\">deep,<\/span> <span class=\"hps\">visible<\/span> <span class=\"hps\">edge<\/span> <span class=\"hps\">1.2 cm<\/span>, finish: <span class=\"hps\">satin<\/span> <span class=\"hps\">black<\/span> <span class=\"hps\">epoxy<\/span> <span class=\"hps\">lacquer<\/span><\/p>\n<p><span id=\"result_box\" class=\"\" lang=\"en\"><span class=\"hps\">DIMENSIONS<\/span><br \/>\n<span class=\"hps\">The dimensions<\/span> <span class=\"hps\">envisaged<\/span> <span class=\"hps\">for<\/span> <span class=\"hps\">a lightbox<\/span> <span class=\"hps\">are critical<\/span> <span class=\"hps\">as well for<\/span> <span class=\"hps\">the<\/span> <span class=\"hps\">lighting<\/span> <span class=\"hps\">technique,<\/span> <span class=\"hps\">for the photo print<\/span> <span class=\"hps\">and for<\/span> <span class=\"hps\">the<\/span> <span class=\"hps\">stucture<\/span> <span class=\"hps\">of construction.<\/span><\/span><\/p>\n<p><span id=\"result_box\" class=\"\" lang=\"en\"><span class=\"hps\">DESIGN<\/span><br \/>\nA<span class=\"hps\"><span id=\"result_box\" class=\"short_text\" lang=\"en\">esthetics<\/span>\/<\/span> <span class=\"hps\">Technical constraints<\/span><br \/>\nL<span class=\"hps\">ight box<\/span> <span class=\"hps\">\/<\/span> <span class=\"hps\">Art object<\/span><br \/>\n<span class=\"hps\">A<\/span> <span class=\"hps\">light box<\/span> <span class=\"hps\">is not a<\/span> <span class=\"hps\">simple frame<\/span><span class=\"\">, but a<\/span> <span class=\"hps\">custom<\/span> <span class=\"hps\">object that<\/span> <span class=\"hps\">closely associates<\/span> <span class=\"hps\">the image and<\/span> <span class=\"hps\">its housing.<\/span> <span class=\"hps\">We design<\/span> <span class=\"hps\">the box<\/span> <span class=\"hps\">according to the size<\/span> <span class=\"hps\">of the image<\/span> <span class=\"hps\">as well<\/span> <span class=\"hps\">as<\/span> <span class=\"hps\">monumental<\/span> <span class=\"hps\">and<\/span> <span class=\"hps\">miniature<\/span> <span class=\"hps\">in the desired<\/span> <span class=\"hps\">style:<\/span><br \/>\n<span class=\"hps\">Thin<\/span> <span class=\"hps\">or wide edges<\/span>, depth <span class=\"hps\">of the sides<\/span><br \/>\n<span class=\"hps\">As discreet as possible<\/span> <span class=\"hps\">or visible<\/span> <span class=\"hps\">and artistic<\/span><br \/>\n<span class=\"hps\">Metal,<\/span> <span class=\"hps\">wood,<\/span> <span class=\"hps\">thick or thin<\/span><span class=\"\">, painted or<\/span> <span class=\"hps\">rough,<\/span> <span class=\"hps\">the<\/span> <span class=\"hps\">light box<\/span> <span class=\"hps\">is an extension<\/span> <span class=\"hps\">of the image and<\/span> <span class=\"hps\">it is also the<\/span> <span class=\"hps\">work of the artist<\/span><span class=\"\">.<\/span><\/span><\/p>\n<p><span id=\"result_box\" class=\"\" lang=\"en\"><span class=\"hps\">METAL<\/span> <span class=\"hps\">FRAME<\/span> <span class=\"hps\">determines<\/span> <span class=\"hps\">various parameters<\/span><br \/>\n<span class=\"hps\">Size \/<\/span> <span class=\"hps\">Depth<\/span> <span class=\"hps\">\/<\/span> <span class=\"hps\">Ledge<\/span><br \/>\n<span class=\"hps\">Weight \/<\/span> <span class=\"hps\">Grip<\/span> <span class=\"hps\">\/ Ventilation<\/span><br \/>\n<span class=\"hps\">Framing \/<\/span> <span class=\"hps\">Finish<\/span><\/span><\/p>\n<div dir=\"ltr\">\n<p>\u00a0<span id=\"result_box\" class=\"\" lang=\"en\"><span class=\"hps\">WOOD<\/span> <span class=\"hps\">FRAME<\/span> <span class=\"hps\">allows<\/span> <span class=\"hps\">a profile on<\/span> <span class=\"hps\">demand<\/span> <span class=\"hps\">and collaboration<\/span> <span class=\"hps\">with your framer<\/span><\/span><\/p>\n<p><span class=\"hps\">FINISH<\/span><br \/>\n<span class=\"hps\">Special care<\/span> <span class=\"hps\">on finishing<\/span> <span class=\"hps atn\">(<\/span>raw wood <span class=\"hps\">to<\/span> <span class=\"hps\">lacquered metal and<\/span> <span class=\"hps\">even<\/span> <span class=\"hps\">leather)<\/span><span class=\"\">.<\/span><\/p>\n<\/div>\n<p>&nbsp;<\/p>\n<p style=\"text-align: right;\"><a title=\"lumi\u00e8res\" href=\"..\/lighting\/\">Next Step : Lighting<\/a><\/p>\n","protected":false},"excerpt":{"rendered":"<p>Choice of framing We create custom frames or have our own models Example in the picture: 140 x140 cm metal frame, 7cm deep, visible edge 1.2 cm, finish: satin black epoxy lacquer DIMENSIONS The dimensions envisaged for a lightbox are &hellip; <a href=\"http:\/\/www.societelumiere.com\/en\/framing\/\">Continue reading <span class=\"meta-nav\">&rarr;<\/span><\/a><\/p>\n","protected":false},"author":1,"featured_media":0,"parent":0,"menu_order":0,"comment_status":"closed","ping_status":"open","template":"","meta":{"footnotes":""},"class_list":["post-195","page","type-page","status-publish","hentry"],"_links":{"self":[{"href":"http:\/\/www.societelumiere.com\/en\/wp-json\/wp\/v2\/pages\/195","targetHints":{"allow":["GET"]}}],"collection":[{"href":"http:\/\/www.societelumiere.com\/en\/wp-json\/wp\/v2\/pages"}],"about":[{"href":"http:\/\/www.societelumiere.com\/en\/wp-json\/wp\/v2\/types\/page"}],"author":[{"embeddable":true,"href":"http:\/\/www.societelumiere.com\/en\/wp-json\/wp\/v2\/users\/1"}],"replies":[{"embeddable":true,"href":"http:\/\/www.societelumiere.com\/en\/wp-json\/wp\/v2\/comments?post=195"}],"version-history":[{"count":5,"href":"http:\/\/www.societelumiere.com\/en\/wp-json\/wp\/v2\/pages\/195\/revisions"}],"predecessor-version":[{"id":750,"href":"http:\/\/www.societelumiere.com\/en\/wp-json\/wp\/v2\/pages\/195\/revisions\/750"}],"wp:attachment":[{"href":"http:\/\/www.societelumiere.com\/en\/wp-json\/wp\/v2\/media?parent=195"}],"curies":[{"name":"wp","href":"https:\/\/api.w.org\/{rel}","templated":true}]}}