{"id":185,"date":"2013-05-27T14:45:51","date_gmt":"2013-05-27T13:45:51","guid":{"rendered":"http:\/\/www.societelumiere.com\/?page_id=185"},"modified":"2018-09-18T11:02:08","modified_gmt":"2018-09-18T10:02:08","slug":"references","status":"publish","type":"page","link":"http:\/\/www.societelumiere.com\/en\/references\/","title":{"rendered":"LA SOCI\u00c9T\u00c9 LUMI\u00c8RE"},"content":{"rendered":"<p><strong><\/strong><\/p>\n<p style=\"text-align: justify;\">&nbsp;&nbsp; From the company <a href=\"http:\/\/www.softlights.com\" target=\"_blank\">SOFTLIGHTS<\/a> (in Paris from 1996), our experience as cinema and photo lighting equipment manufacturers brought us extensive knowledge of light sources (LED, fluorescent tubes) and the electronics that go with it (ballast, drivers, dimmers, wiring). We are in a constant technological monitoring in order to offer the most appropriate equipment for your projects.<\/p>\n<p style=\"text-align: justify;\">&nbsp;&nbsp; We were led to work with the galleries and the artists who demand a quality service different from the standard light display for the fabrication of their light boxes.<\/p>\n<h4><strong>GALLERIES<\/strong><\/h4>\n<p><a href=\"http:\/\/www.toolsgalerie.com\/\">Galerie Baudoin-Lebon<br \/>\nGalerie Kamel Mennour<br \/>\nGalerie Paris Beijing<br \/>\nJeu de Paume<br \/>\nGalerie Yvon Lambert<br \/>\nTools Galerie<br \/>\n<\/a><a href=\"http:\/\/www.galeriegretameert.com\/\">Galerie Greta Meert<\/a> (be)<br \/>\n<a href=\"http:\/\/now.elizabethdee.com\/\">Galerie Elisabeth Dee<\/a> (n.y)<br \/>\n<a href=\"http:\/\/www.galeriemoser.ch\/\">Galerie Charlotte Moser<\/a> (ch)<br \/>\n<a href=\"https:\/\/www.crousel.com\/home\/\">Galerie Chantal Crousel<br \/>\n<\/a><a href=\"http:\/\/www.gutknecht-gallery.com\">Galerie Patrick Gutknecht <\/a>(ch)<br \/>\n<a href=\"http:\/\/www.galerierivierefaiveley.com\">Galerie RIVIERE \/ FAIVELEY<br \/>\n<\/a><a href=\"http:\/\/www.villadelarte.com\">Galerie Villa del Arte <\/a>(sp, nl)<br \/>\n<a href=\"http:\/\/www.dvirgallery.com\">DVIR GALERY <\/a>(israel)<br \/>\n<a href=\"http:\/\/www.gbagency.fr\">GB AGENCY<br \/>\n<\/a><a href=\"http:\/\/michelrein.com\">GALERIE MICHEL REIN<br \/>\n<\/a>Smart Fine Arts (uk)<\/p>\n<p><strong>ARTISTS<\/strong><\/p>\n<p><a href=\"http:\/\/olivierpeyricot.blogspot.fr\/\">ORLAN<br \/>\nC\u00e9dric Delsaux<br \/>\nMircea Cantor<br \/>\nFrancesco Vezzoli<br \/>\nYang Yong Liang<br \/>\nAlain Richard<br \/>\nG\u00e9raldine Cario<br \/>\nMohamed Bourouissa<br \/>\nAnri Sala<br \/>\nMalala Andrialavidrazana<br \/>\nNatacha Lesueur<br \/>\nEric Baudelaire<br \/>\nOlivier Peyricot<\/a><br \/>\nOlivier Sidet<br \/>\n<a href=\"http:\/\/www.catelain-art-photo.com\/\">Tokhiro Sato<br \/>\nPhilippe Chancel<br \/>\nNicolas Descottes<br \/>\nChristophe Catelain<\/a><\/p>\n<p><strong>PRINTING LABORATORIES<\/strong><\/p>\n<p><a href=\"http:\/\/www.laboratoirecyclope.fr\/\">http:\/\/www.laboratoirecyclope.fr\/<\/a><\/p>\n","protected":false},"excerpt":{"rendered":"<p>&nbsp;&nbsp; From the company SOFTLIGHTS (in Paris from 1996), our experience as cinema and photo lighting equipment manufacturers brought us extensive knowledge of light sources (LED, fluorescent tubes) and the electronics that go with it (ballast, drivers, dimmers, wiring). We &hellip; <a href=\"http:\/\/www.societelumiere.com\/en\/references\/\">Continue reading <span class=\"meta-nav\">&rarr;<\/span><\/a><\/p>\n","protected":false},"author":1,"featured_media":0,"parent":0,"menu_order":0,"comment_status":"closed","ping_status":"open","template":"","meta":{"footnotes":""},"class_list":["post-185","page","type-page","status-publish","hentry"],"_links":{"self":[{"href":"http:\/\/www.societelumiere.com\/en\/wp-json\/wp\/v2\/pages\/185","targetHints":{"allow":["GET"]}}],"collection":[{"href":"http:\/\/www.societelumiere.com\/en\/wp-json\/wp\/v2\/pages"}],"about":[{"href":"http:\/\/www.societelumiere.com\/en\/wp-json\/wp\/v2\/types\/page"}],"author":[{"embeddable":true,"href":"http:\/\/www.societelumiere.com\/en\/wp-json\/wp\/v2\/users\/1"}],"replies":[{"embeddable":true,"href":"http:\/\/www.societelumiere.com\/en\/wp-json\/wp\/v2\/comments?post=185"}],"version-history":[{"count":14,"href":"http:\/\/www.societelumiere.com\/en\/wp-json\/wp\/v2\/pages\/185\/revisions"}],"predecessor-version":[{"id":970,"href":"http:\/\/www.societelumiere.com\/en\/wp-json\/wp\/v2\/pages\/185\/revisions\/970"}],"wp:attachment":[{"href":"http:\/\/www.societelumiere.com\/en\/wp-json\/wp\/v2\/media?parent=185"}],"curies":[{"name":"wp","href":"https:\/\/api.w.org\/{rel}","templated":true}]}}